{"id":10059,"date":"-0001-11-30T00:00:00","date_gmt":"-0001-11-29T23:50:39","guid":{"rendered":""},"modified":"-0001-11-30T00:00:00","modified_gmt":"-0001-11-29T22:00:00","slug":"boa-857","status":"publish","type":"product","link":"https:\/\/www.topcleanair.shop\/wp\/shop\/nettoyage-et-hygiene\/aspiration-centralisee\/systemes-de-flexibles-retractables\/accessoires-de-nettoyage-systemes-de-flexibles-retractables\/boa-857\/","title":{"rendered":"Set de nettoyage Premium DeLuxe &#8216;Poussi\u00e8re&#8217; pour syst\u00e8me Retraflex avec poign\u00e9e sans bouton ON\/OFF + accessoires"},"content":{"rendered":"","protected":false},"excerpt":{"rendered":"<p>Prix hors taxe<\/p>\n","protected":false},"featured_media":10752,"template":"","meta":[],"product_brand":[],"product_cat":[135,129,167,166,112],"product_tag":[],"class_list":{"0":"post-10059","1":"product","2":"type-product","3":"status-publish","4":"has-post-thumbnail","6":"product_cat-nettoyage-et-hygiene","7":"product_cat-aspiration-centralisee","8":"product_cat-sets-de-nettoyage","9":"product_cat-systemes-de-flexibles-retractables","10":"product_cat-accessoires-de-nettoyage-systemes-de-flexibles-retractables","12":"first","13":"instock","14":"taxable","15":"shipping-taxable","16":"purchasable","17":"product-type-simple"},"yoast_head":"<!-- This site is optimized with the Yoast SEO plugin v26.9 - https:\/\/yoast.com\/product\/yoast-seo-wordpress\/ -->\n<title>Set de nettoyage Premium DeLuxe &#039;Poussi\u00e8re&#039; pour syst\u00e8me Retraflex avec poign\u00e9e sans bouton ON\/OFF + accessoires - TopCleanAir<\/title>\n<meta name=\"robots\" content=\"index, follow, max-snippet:-1, max-image-preview:large, max-video-preview:-1\" \/>\n<link rel=\"canonical\" href=\"https:\/\/www.topcleanair.shop\/wp\/shop\/nettoyage-et-hygiene\/aspiration-centralisee\/systemes-de-flexibles-retractables\/accessoires-de-nettoyage-systemes-de-flexibles-retractables\/boa-857\/\" \/>\n<meta property=\"og:locale\" content=\"fr_FR\" \/>\n<meta property=\"og:type\" content=\"article\" \/>\n<meta property=\"og:title\" content=\"Set de nettoyage Premium DeLuxe &#039;Poussi\u00e8re&#039; pour syst\u00e8me Retraflex avec poign\u00e9e sans bouton ON\/OFF + accessoires - TopCleanAir\" \/>\n<meta property=\"og:description\" content=\"Prix hors taxe\" \/>\n<meta property=\"og:url\" content=\"https:\/\/www.topcleanair.shop\/wp\/shop\/nettoyage-et-hygiene\/aspiration-centralisee\/systemes-de-flexibles-retractables\/accessoires-de-nettoyage-systemes-de-flexibles-retractables\/boa-857\/\" \/>\n<meta property=\"og:site_name\" content=\"TopCleanAir\" \/>\n<meta name=\"twitter:card\" content=\"summary_large_image\" \/>\n<script type=\"application\/ld+json\" class=\"yoast-schema-graph\">{\"@context\":\"https:\/\/schema.org\",\"@graph\":[{\"@type\":\"WebPage\",\"@id\":\"https:\/\/www.topcleanair.shop\/wp\/shop\/nettoyage-et-hygiene\/aspiration-centralisee\/systemes-de-flexibles-retractables\/accessoires-de-nettoyage-systemes-de-flexibles-retractables\/boa-857\/\",\"url\":\"https:\/\/www.topcleanair.shop\/wp\/shop\/nettoyage-et-hygiene\/aspiration-centralisee\/systemes-de-flexibles-retractables\/accessoires-de-nettoyage-systemes-de-flexibles-retractables\/boa-857\/\",\"name\":\"Set de nettoyage Premium DeLuxe 'Poussi\u00e8re' pour syst\u00e8me Retraflex avec poign\u00e9e sans bouton ON\/OFF + accessoires - TopCleanAir\",\"isPartOf\":{\"@id\":\"https:\/\/www.topcleanair.shop\/wp\/#website\"},\"primaryImageOfPage\":{\"@id\":\"https:\/\/www.topcleanair.shop\/wp\/shop\/nettoyage-et-hygiene\/aspiration-centralisee\/systemes-de-flexibles-retractables\/accessoires-de-nettoyage-systemes-de-flexibles-retractables\/boa-857\/#primaryimage\"},\"image\":{\"@id\":\"https:\/\/www.topcleanair.shop\/wp\/shop\/nettoyage-et-hygiene\/aspiration-centralisee\/systemes-de-flexibles-retractables\/accessoires-de-nettoyage-systemes-de-flexibles-retractables\/boa-857\/#primaryimage\"},\"thumbnailUrl\":\"https:\/\/www.topcleanair.shop\/wp\/wp-content\/uploads\/BOA\/produit\/1735730505AN-HAHDLX-BV.jpg\",\"datePublished\":\"-0001-11-30T00:00:00+00:00\",\"breadcrumb\":{\"@id\":\"https:\/\/www.topcleanair.shop\/wp\/shop\/nettoyage-et-hygiene\/aspiration-centralisee\/systemes-de-flexibles-retractables\/accessoires-de-nettoyage-systemes-de-flexibles-retractables\/boa-857\/#breadcrumb\"},\"inLanguage\":\"fr-FR\",\"potentialAction\":[{\"@type\":\"ReadAction\",\"target\":[\"https:\/\/www.topcleanair.shop\/wp\/shop\/nettoyage-et-hygiene\/aspiration-centralisee\/systemes-de-flexibles-retractables\/accessoires-de-nettoyage-systemes-de-flexibles-retractables\/boa-857\/\"]}]},{\"@type\":\"ImageObject\",\"inLanguage\":\"fr-FR\",\"@id\":\"https:\/\/www.topcleanair.shop\/wp\/shop\/nettoyage-et-hygiene\/aspiration-centralisee\/systemes-de-flexibles-retractables\/accessoires-de-nettoyage-systemes-de-flexibles-retractables\/boa-857\/#primaryimage\",\"url\":\"https:\/\/www.topcleanair.shop\/wp\/wp-content\/uploads\/BOA\/produit\/1735730505AN-HAHDLX-BV.jpg\",\"contentUrl\":\"https:\/\/www.topcleanair.shop\/wp\/wp-content\/uploads\/BOA\/produit\/1735730505AN-HAHDLX-BV.jpg\",\"width\":1267,\"height\":904},{\"@type\":\"BreadcrumbList\",\"@id\":\"https:\/\/www.topcleanair.shop\/wp\/shop\/nettoyage-et-hygiene\/aspiration-centralisee\/systemes-de-flexibles-retractables\/accessoires-de-nettoyage-systemes-de-flexibles-retractables\/boa-857\/#breadcrumb\",\"itemListElement\":[{\"@type\":\"ListItem\",\"position\":1,\"name\":\"Accueil\",\"item\":\"https:\/\/www.topcleanair.shop\/wp\/\"},{\"@type\":\"ListItem\",\"position\":2,\"name\":\"La boutique\",\"item\":\"https:\/\/www.topcleanair.shop\/wp\/shop\/\"},{\"@type\":\"ListItem\",\"position\":3,\"name\":\"Set de nettoyage Premium DeLuxe &#8216;Poussi\u00e8re&#8217; pour syst\u00e8me Retraflex avec poign\u00e9e sans bouton ON\/OFF + accessoires\"}]},{\"@type\":\"WebSite\",\"@id\":\"https:\/\/www.topcleanair.shop\/wp\/#website\",\"url\":\"https:\/\/www.topcleanair.shop\/wp\/\",\"name\":\"TopCleanAir\",\"description\":\"Aspiration - Inspiration - Respiration\",\"potentialAction\":[{\"@type\":\"SearchAction\",\"target\":{\"@type\":\"EntryPoint\",\"urlTemplate\":\"https:\/\/www.topcleanair.shop\/wp\/?s={search_term_string}\"},\"query-input\":{\"@type\":\"PropertyValueSpecification\",\"valueRequired\":true,\"valueName\":\"search_term_string\"}}],\"inLanguage\":\"fr-FR\"}]}<\/script>\n<!-- \/ Yoast SEO plugin. -->","yoast_head_json":{"title":"Set de nettoyage Premium DeLuxe 'Poussi\u00e8re' pour syst\u00e8me Retraflex avec poign\u00e9e sans bouton ON\/OFF + accessoires - TopCleanAir","robots":{"index":"index","follow":"follow","max-snippet":"max-snippet:-1","max-image-preview":"max-image-preview:large","max-video-preview":"max-video-preview:-1"},"canonical":"https:\/\/www.topcleanair.shop\/wp\/shop\/nettoyage-et-hygiene\/aspiration-centralisee\/systemes-de-flexibles-retractables\/accessoires-de-nettoyage-systemes-de-flexibles-retractables\/boa-857\/","og_locale":"fr_FR","og_type":"article","og_title":"Set de nettoyage Premium DeLuxe 'Poussi\u00e8re' pour syst\u00e8me Retraflex avec poign\u00e9e sans bouton ON\/OFF + accessoires - TopCleanAir","og_description":"Prix hors taxe","og_url":"https:\/\/www.topcleanair.shop\/wp\/shop\/nettoyage-et-hygiene\/aspiration-centralisee\/systemes-de-flexibles-retractables\/accessoires-de-nettoyage-systemes-de-flexibles-retractables\/boa-857\/","og_site_name":"TopCleanAir","twitter_card":"summary_large_image","schema":{"@context":"https:\/\/schema.org","@graph":[{"@type":"WebPage","@id":"https:\/\/www.topcleanair.shop\/wp\/shop\/nettoyage-et-hygiene\/aspiration-centralisee\/systemes-de-flexibles-retractables\/accessoires-de-nettoyage-systemes-de-flexibles-retractables\/boa-857\/","url":"https:\/\/www.topcleanair.shop\/wp\/shop\/nettoyage-et-hygiene\/aspiration-centralisee\/systemes-de-flexibles-retractables\/accessoires-de-nettoyage-systemes-de-flexibles-retractables\/boa-857\/","name":"Set de nettoyage Premium DeLuxe 'Poussi\u00e8re' pour syst\u00e8me Retraflex avec poign\u00e9e sans bouton ON\/OFF + accessoires - TopCleanAir","isPartOf":{"@id":"https:\/\/www.topcleanair.shop\/wp\/#website"},"primaryImageOfPage":{"@id":"https:\/\/www.topcleanair.shop\/wp\/shop\/nettoyage-et-hygiene\/aspiration-centralisee\/systemes-de-flexibles-retractables\/accessoires-de-nettoyage-systemes-de-flexibles-retractables\/boa-857\/#primaryimage"},"image":{"@id":"https:\/\/www.topcleanair.shop\/wp\/shop\/nettoyage-et-hygiene\/aspiration-centralisee\/systemes-de-flexibles-retractables\/accessoires-de-nettoyage-systemes-de-flexibles-retractables\/boa-857\/#primaryimage"},"thumbnailUrl":"https:\/\/www.topcleanair.shop\/wp\/wp-content\/uploads\/BOA\/produit\/1735730505AN-HAHDLX-BV.jpg","datePublished":"-0001-11-30T00:00:00+00:00","breadcrumb":{"@id":"https:\/\/www.topcleanair.shop\/wp\/shop\/nettoyage-et-hygiene\/aspiration-centralisee\/systemes-de-flexibles-retractables\/accessoires-de-nettoyage-systemes-de-flexibles-retractables\/boa-857\/#breadcrumb"},"inLanguage":"fr-FR","potentialAction":[{"@type":"ReadAction","target":["https:\/\/www.topcleanair.shop\/wp\/shop\/nettoyage-et-hygiene\/aspiration-centralisee\/systemes-de-flexibles-retractables\/accessoires-de-nettoyage-systemes-de-flexibles-retractables\/boa-857\/"]}]},{"@type":"ImageObject","inLanguage":"fr-FR","@id":"https:\/\/www.topcleanair.shop\/wp\/shop\/nettoyage-et-hygiene\/aspiration-centralisee\/systemes-de-flexibles-retractables\/accessoires-de-nettoyage-systemes-de-flexibles-retractables\/boa-857\/#primaryimage","url":"https:\/\/www.topcleanair.shop\/wp\/wp-content\/uploads\/BOA\/produit\/1735730505AN-HAHDLX-BV.jpg","contentUrl":"https:\/\/www.topcleanair.shop\/wp\/wp-content\/uploads\/BOA\/produit\/1735730505AN-HAHDLX-BV.jpg","width":1267,"height":904},{"@type":"BreadcrumbList","@id":"https:\/\/www.topcleanair.shop\/wp\/shop\/nettoyage-et-hygiene\/aspiration-centralisee\/systemes-de-flexibles-retractables\/accessoires-de-nettoyage-systemes-de-flexibles-retractables\/boa-857\/#breadcrumb","itemListElement":[{"@type":"ListItem","position":1,"name":"Accueil","item":"https:\/\/www.topcleanair.shop\/wp\/"},{"@type":"ListItem","position":2,"name":"La boutique","item":"https:\/\/www.topcleanair.shop\/wp\/shop\/"},{"@type":"ListItem","position":3,"name":"Set de nettoyage Premium DeLuxe &#8216;Poussi\u00e8re&#8217; pour syst\u00e8me Retraflex avec poign\u00e9e sans bouton ON\/OFF + accessoires"}]},{"@type":"WebSite","@id":"https:\/\/www.topcleanair.shop\/wp\/#website","url":"https:\/\/www.topcleanair.shop\/wp\/","name":"TopCleanAir","description":"Aspiration - Inspiration - Respiration","potentialAction":[{"@type":"SearchAction","target":{"@type":"EntryPoint","urlTemplate":"https:\/\/www.topcleanair.shop\/wp\/?s={search_term_string}"},"query-input":{"@type":"PropertyValueSpecification","valueRequired":true,"valueName":"search_term_string"}}],"inLanguage":"fr-FR"}]}},"jetpack_sharing_enabled":true,"_links":{"self":[{"href":"https:\/\/www.topcleanair.shop\/wp\/wp-json\/wp\/v2\/product\/10059","targetHints":{"allow":["GET"]}}],"collection":[{"href":"https:\/\/www.topcleanair.shop\/wp\/wp-json\/wp\/v2\/product"}],"about":[{"href":"https:\/\/www.topcleanair.shop\/wp\/wp-json\/wp\/v2\/types\/product"}],"wp:featuredmedia":[{"embeddable":true,"href":"https:\/\/www.topcleanair.shop\/wp\/wp-json\/wp\/v2\/media\/10752"}],"wp:attachment":[{"href":"https:\/\/www.topcleanair.shop\/wp\/wp-json\/wp\/v2\/media?parent=10059"}],"wp:term":[{"taxonomy":"product_brand","embeddable":true,"href":"https:\/\/www.topcleanair.shop\/wp\/wp-json\/wp\/v2\/product_brand?post=10059"},{"taxonomy":"product_cat","embeddable":true,"href":"https:\/\/www.topcleanair.shop\/wp\/wp-json\/wp\/v2\/product_cat?post=10059"},{"taxonomy":"product_tag","embeddable":true,"href":"https:\/\/www.topcleanair.shop\/wp\/wp-json\/wp\/v2\/product_tag?post=10059"}],"curies":[{"name":"wp","href":"https:\/\/api.w.org\/{rel}","templated":true}]}}