{"id":5766,"date":"2018-10-22T13:50:05","date_gmt":"2018-10-22T13:50:05","guid":{"rendered":"https:\/\/www.ekko-wp.com\/?page_id=5766"},"modified":"2026-01-11T23:23:21","modified_gmt":"2026-01-11T22:23:21","slug":"contact-en-ligne","status":"publish","type":"page","link":"https:\/\/www.topcleanair.shop\/wp\/pages\/contact-en-ligne\/","title":{"rendered":"Contact en ligne"},"content":{"rendered":"<div class=\"wpb-content-wrapper\"><p>[vc_row full_width=&#8221;stretch_row&#8221; css=&#8221;.vc_custom_1765114120494{margin-bottom: 69px !important;padding-top: 169px !important;padding-bottom: 369px !important;background-image: url(https:\/\/www.topcleanair.shop\/wp\/wp-content\/uploads\/2024\/08\/5-11.png?id=7490) !important;background-position: center !important;background-repeat: no-repeat !important;background-size: cover !important;}&#8221; el_class=&#8221;under-menu-topbar&#8221;][vc_column width=&#8221;1\/2&#8243;][vc_custom_heading text=&#8221;&#8221; font_container=&#8221;tag:h1|text_align:left|color:%231d7abf&#8221; use_theme_fonts=&#8221;yes&#8221; css=&#8221;&#8221;][\/vc_column][vc_column width=&#8221;1\/2&#8243;][\/vc_column][\/vc_row][vc_row css_animation=&#8221;rotateInDownRight&#8221; css=&#8221;.vc_custom_1723077981119{margin-top: -169px !important;margin-right: 60px !important;margin-left: 60px !important;border-top-width: 3px !important;border-right-width: 3px !important;border-bottom-width: 3px !important;border-left-width: 3px !important;padding-top: 39px !important;padding-right: 39px !important;padding-left: 39px !important;background-color: #ffffff !important;border-left-style: solid !important;border-right-style: solid !important;border-top-style: solid !important;border-bottom-style: solid !important;}&#8221;][vc_column][vc_row_inner][vc_column_inner width=&#8221;1\/3&#8243;][vc_custom_heading text=&#8221;Demande<br \/>\nd&#8217;offre<br \/>\nen ligne&#8221; font_container=&#8221;tag:h2|text_align:left|color:%231d7abf&#8221; use_theme_fonts=&#8221;yes&#8221; css=&#8221;&#8221;][\/vc_column_inner][vc_column_inner width=&#8221;2\/3&#8243;][vc_custom_heading text=&#8221;Demandez votre devis gratuit et sans engagement pour plus d&#8217;hygi\u00e8ne et de confort au quotidien. Apr\u00e8s une \u00e9tude personnalis\u00e9e, adapt\u00e9e \u00e0 votre projet et vos souhaits, vous recevrez une offre optimale pour un investissement s\u00fbr pour l&#8217;avenir et votre qualit\u00e9 de vie.&#8221; font_container=&#8221;tag:h5|text_align:left&#8221; use_theme_fonts=&#8221;yes&#8221; css=&#8221;.vc_custom_1766348091079{padding-right: 13px !important;padding-bottom: 30px !important;}&#8221;][\/vc_column_inner][\/vc_row_inner][\/vc_column][\/vc_row][vc_row full_width=&#8221;stretch_row&#8221; full_height=&#8221;yes&#8221; css=&#8221;.vc_custom_1723076673860{padding-top: 33px !important;}&#8221;][vc_column width=&#8221;1\/2&#8243; css=&#8221;.vc_custom_1765113931137{background-image: url(https:\/\/www.topcleanair.shop\/wp\/wp-content\/uploads\/2024\/08\/4-7.jpg?id=7487) !important;background-position: center !important;background-repeat: no-repeat !important;background-size: cover !important;}&#8221;][vc_empty_space height=&#8221;302px&#8221;][\/vc_column][vc_column width=&#8221;1\/2&#8243; css=&#8221;.vc_custom_1516095665984{padding-right: 0px !important;padding-left: 0px !important;}&#8221;][vc_row_inner css=&#8221;.vc_custom_1719777655391{padding-top: 69px !important;padding-bottom: 69px !important;}&#8221;][vc_column_inner width=&#8221;5\/6&#8243;]<header class=\"kd-section-title col-lg-12 text-center     vc_custom_1719779848175\" ><h3 class=\"separator_off\" style=\"color: #1d7abf;\">Merci de remplir les champs suivants<\/h3><\/header><div class=\"kd-contact-form full-width-cf\" >\n<div class=\"wpcf7 no-js\" id=\"wpcf7-f5976-o1\" lang=\"en-US\" dir=\"ltr\" data-wpcf7-id=\"5976\">\n<div class=\"screen-reader-response\"><p role=\"status\" aria-live=\"polite\" aria-atomic=\"true\"><\/p> <ul><\/ul><\/div>\n<form action=\"\/wp\/wp-json\/wp\/v2\/pages\/5766#wpcf7-f5976-o1\" method=\"post\" class=\"wpcf7-form init\" aria-label=\"Contact form\" enctype=\"multipart\/form-data\" novalidate=\"novalidate\" data-status=\"init\">\n<fieldset class=\"hidden-fields-container\"><input type=\"hidden\" name=\"_wpcf7\" value=\"5976\" \/><input type=\"hidden\" name=\"_wpcf7_version\" value=\"6.1.5\" \/><input type=\"hidden\" name=\"_wpcf7_locale\" value=\"en_US\" \/><input type=\"hidden\" name=\"_wpcf7_unit_tag\" value=\"wpcf7-f5976-o1\" \/><input type=\"hidden\" name=\"_wpcf7_container_post\" value=\"0\" \/><input type=\"hidden\" name=\"_wpcf7_posted_data_hash\" value=\"\" \/><input type=\"hidden\" name=\"_wpcf7_recaptcha_response\" value=\"\" \/>\n<\/fieldset>\n<p><span class=\"wpcf7-form-control-wrap\" data-name=\"first-name\"><input size=\"40\" maxlength=\"400\" class=\"wpcf7-form-control wpcf7-text wpcf7-validates-as-required\" aria-required=\"true\" aria-invalid=\"false\" placeholder=\"Pr\u00e9nom\" value=\"\" type=\"text\" name=\"first-name\" \/><\/span><br \/>\n<span class=\"wpcf7-form-control-wrap\" data-name=\"last-name\"><input size=\"40\" maxlength=\"400\" class=\"wpcf7-form-control wpcf7-text wpcf7-validates-as-required\" aria-required=\"true\" aria-invalid=\"false\" placeholder=\"Nom\" value=\"\" type=\"text\" name=\"last-name\" \/><\/span><br \/>\n<span class=\"wpcf7-form-control-wrap\" data-name=\"guests\"><input size=\"40\" maxlength=\"400\" class=\"wpcf7-form-control wpcf7-text\" aria-invalid=\"false\" placeholder=\"Soci\u00e9t\u00e9\" value=\"\" type=\"text\" name=\"guests\" \/><\/span><br \/>\n<span class=\"wpcf7-form-control-wrap\" data-name=\"adress\"><textarea cols=\"40\" rows=\"10\" maxlength=\"2000\" class=\"wpcf7-form-control wpcf7-textarea wpcf7-validates-as-required\" aria-required=\"true\" aria-invalid=\"false\" placeholder=\"Votre adresse\" name=\"adress\"><\/textarea><\/span><br \/>\n<span class=\"wpcf7-form-control-wrap\" data-name=\"your-email\"><input size=\"40\" maxlength=\"400\" class=\"wpcf7-form-control wpcf7-email wpcf7-validates-as-required wpcf7-text wpcf7-validates-as-email\" aria-required=\"true\" aria-invalid=\"false\" placeholder=\"Votre Email\" value=\"\" type=\"email\" name=\"your-email\" \/><\/span><br \/>\n<span class=\"wpcf7-form-control-wrap\" data-name=\"your-phone\"><input size=\"40\" maxlength=\"400\" class=\"wpcf7-form-control wpcf7-tel wpcf7-validates-as-required wpcf7-text wpcf7-validates-as-tel\" aria-required=\"true\" aria-invalid=\"false\" placeholder=\"Votre t\u00e9l\u00e9phone\" value=\"\" type=\"tel\" name=\"your-phone\" \/><\/span><br \/>\nDate souhait\u00e9e pour un rendez-vous chez vous:<br \/>\n<span class=\"wpcf7-form-control-wrap\" data-name=\"check-in\"><input class=\"wpcf7-form-control wpcf7-date wpcf7-validates-as-date\" aria-invalid=\"false\" value=\"\" type=\"date\" name=\"check-in\" \/><\/span><br \/>\nOu date souhait\u00e9e pour une visite de notre showroom:<br \/>\n<span class=\"wpcf7-form-control-wrap\" data-name=\"showroom\"><input class=\"wpcf7-form-control wpcf7-date wpcf7-validates-as-date\" aria-invalid=\"false\" value=\"\" type=\"date\" name=\"showroom\" \/><\/span><br \/>\n<span class=\"wpcf7-form-control-wrap\" data-name=\"file-493\"><input size=\"40\" class=\"wpcf7-form-control wpcf7-file\" accept=\".pdf,.dwg,audio\/*,video\/*,image\/*\" aria-invalid=\"false\" type=\"file\" name=\"file-493\" \/><\/span><br \/>\nJoindre fichier (Plans, croquis, images). Maximum 5MB<br \/>\n<span class=\"wpcf7-form-control-wrap\" data-name=\"message\"><textarea cols=\"40\" rows=\"10\" maxlength=\"2000\" class=\"wpcf7-form-control wpcf7-textarea wpcf7-validates-as-required\" aria-required=\"true\" aria-invalid=\"false\" placeholder=\"Votre message\" name=\"message\"><\/textarea><\/span>\n<\/p>\n<p><input class=\"wpcf7-form-control wpcf7-submit has-spinner\" type=\"submit\" value=\"Valider la demande\" \/>\n<\/p><p style=\"display: none !important;\" class=\"akismet-fields-container\" data-prefix=\"_wpcf7_ak_\"><label>&#916;<textarea name=\"_wpcf7_ak_hp_textarea\" cols=\"45\" rows=\"8\" maxlength=\"100\"><\/textarea><\/label><input type=\"hidden\" id=\"ak_js_1\" name=\"_wpcf7_ak_js\" value=\"13\"\/><script>document.getElementById( \"ak_js_1\" ).setAttribute( \"value\", ( new Date() ).getTime() );<\/script><\/p><div class=\"wpcf7-response-output\" aria-hidden=\"true\"><\/div>\n<\/form>\n<\/div>\n<\/div><header class=\"kd-section-title col-lg-12 text-center     vc_custom_1719779335948\" ><h6 class=\"subtitle \" >Nous vous garantissons la confidentialit\u00e9 dans le traitement de vos donn\u00e9es priv\u00e9es.<\/h6><\/header>[\/vc_column_inner][vc_column_inner width=&#8221;1\/6&#8243; css=&#8221;.vc_custom_1722277153067{padding-top: 69px !important;padding-right: 69px !important;padding-bottom: 69px !important;padding-left: 69px !important;}&#8221;][\/vc_column_inner][\/vc_row_inner][\/vc_column][\/vc_row][vc_row full_width=&#8221;stretch_row&#8221; kd_image_overlay_color=&#8221;rgba(0,0,0,0.17)&#8221; kd_fixed_background=&#8221;true&#8221; kd_image_overlay=&#8221;true&#8221; css=&#8221;.vc_custom_1765114032263{margin-right: 15px !important;padding-top: 190px !important;padding-bottom: 190px !important;background: #f5f5f5 url(https:\/\/www.topcleanair.shop\/wp\/wp-content\/uploads\/2024\/08\/5-25-scaled.jpg?id=7501) !important;background-position: center !important;background-repeat: no-repeat !important;background-size: cover !important;}&#8221;][vc_column css=&#8221;.vc_custom_1515687105834{padding-right: 0px !important;padding-left: 0px !important;}&#8221;][vc_row_inner][vc_column_inner width=&#8221;1\/2&#8243; css=&#8221;.vc_custom_1723076823596{padding-top: 30px !important;padding-right: 30px !important;padding-bottom: 30px !important;padding-left: 30px !important;}&#8221;][vc_custom_heading text=&#8221;Topcleanair.ch,<br \/>\nProche de Vous!&#8221; font_container=&#8221;tag:h2|text_align:left|color:%23ffffff&#8221; use_theme_fonts=&#8221;yes&#8221; css_animation=&#8221;rollIn&#8221; css=&#8221;.vc_custom_1765114241860{border-radius: 30px !important;}&#8221;][\/vc_column_inner][vc_column_inner width=&#8221;1\/4&#8243;][vc_empty_space][\/vc_column_inner][vc_column_inner width=&#8221;1\/4&#8243;][\/vc_column_inner][\/vc_row_inner][vc_row_inner css=&#8221;.vc_custom_1717945440958{padding-top: 110px !important;}&#8221;][vc_column_inner width=&#8221;1\/2&#8243;][vc_empty_space][\/vc_column_inner][vc_column_inner width=&#8221;1\/2&#8243;][vc_empty_space][\/vc_column_inner][\/vc_row_inner][vc_row_inner css=&#8221;.vc_custom_1555666389233{padding-bottom: 70px !important;}&#8221;][vc_column_inner width=&#8221;1\/4&#8243;]<div class=\"cb-container cb-cont-left\" style=\"background-color:#fff;\" ><a href=\"mailto:info@topcleanair.ch\" target=\"\"><div class=\"cb-img-area\"><i class=\"fas fa-at\" style=\" color: #029742;\"><\/i> <\/div><div class=\"cb-text-area\">\n                    <h4 class=\"cb-heading \" >Par email \/ Web<\/h4><p >info@topcleanair.ch<br \/>\nwww.topcleanair.ch<\/p><\/div><\/a><\/div>[\/vc_column_inner][vc_column_inner width=&#8221;1\/4&#8243;]<div class=\"cb-container cb-cont-left\" style=\"background-color:#fff;\" ><div class=\"cb-img-area\"><i class=\"fas fa-phone-volume\" style=\" \"><\/i> <\/div><div class=\"cb-text-area\">\n                    <h4 class=\"cb-heading \" >Par t\u00e9l\u00e9phone<\/h4><p >Joignez-nous au<br \/>\n021 809 91 30<\/p><\/div><\/div>[\/vc_column_inner][vc_column_inner width=&#8221;1\/4&#8243;]<div class=\"cb-container cb-cont-left\" style=\"background-color:#fff;\" ><div class=\"cb-img-area\"><i class=\"far fa-envelope\" style=\" color: #029742;\"><\/i> <\/div><div class=\"cb-text-area\">\n                    <h4 class=\"cb-heading \" >Par courrier postal<\/h4><p >Route de Sorge 2<br \/>\nCH-1030 Bussigny<\/p><\/div><\/div>[\/vc_column_inner][vc_column_inner width=&#8221;1\/4&#8243;]<div class=\"cb-container cb-cont-left\" style=\"background-color:#fff;\" ><a href=\"#top\" target=\"\"><div class=\"cb-img-area\"><i class=\"fas fa-share-alt\" style=\" color: #029742;\"><\/i> <\/div><div class=\"cb-text-area\">\n                    <h4 class=\"cb-heading \" >Sur r\u00e9seaux sociaux<\/h4><p >Facebook, Instagram<br \/>\nLinkedin<\/p><\/div><\/a><\/div>[\/vc_column_inner][\/vc_row_inner][\/vc_column][\/vc_row]<\/p>\n<\/div>","protected":false},"excerpt":{"rendered":"<p>[vc_row full_width=&#8221;stretch_row&#8221; css=&#8221;.vc_custom_1765114120494{margin-bottom: 69px !important;padding-top: 169px !important;padding-bottom: 369px !important;background-image: url(https:\/\/www.topcleanair.shop\/wp\/wp-content\/uploads\/2024\/08\/5-11.png?id=7490) !important;background-position: center !important;background-repeat: no-repeat !important;background-size: cover !important;}&#8221; el_class=&#8221;under-menu-topbar&#8221;][vc_column width=&#8221;1\/2&#8243;][vc_custom_heading text=&#8221;&#8221; [&hellip;]<\/p>\n","protected":false},"author":1,"featured_media":0,"parent":5718,"menu_order":0,"comment_status":"closed","ping_status":"closed","template":"","meta":{"footnotes":""},"class_list":["post-5766","page","type-page","status-publish","hentry"],"yoast_head":"<!-- This site is optimized with the Yoast SEO plugin v26.9 - https:\/\/yoast.com\/product\/yoast-seo-wordpress\/ -->\n<title>Contact en ligne - TopCleanAir<\/title>\n<meta name=\"robots\" content=\"index, follow, max-snippet:-1, max-image-preview:large, max-video-preview:-1\" \/>\n<link rel=\"canonical\" href=\"https:\/\/www.topcleanair.shop\/wp\/pages\/contact-en-ligne\/\" \/>\n<meta property=\"og:locale\" content=\"fr_FR\" \/>\n<meta property=\"og:type\" content=\"article\" \/>\n<meta property=\"og:title\" content=\"Contact en ligne - TopCleanAir\" \/>\n<meta property=\"og:description\" content=\"[vc_row full_width=&#8221;stretch_row&#8221; css=&#8221;.vc_custom_1765114120494{margin-bottom: 69px !important;padding-top: 169px !important;padding-bottom: 369px !important;background-image: url(https:\/\/www.topcleanair.shop\/wp\/wp-content\/uploads\/2024\/08\/5-11.png?id=7490) !important;background-position: center !important;background-repeat: no-repeat !important;background-size: cover !important;}&#8221; el_class=&#8221;under-menu-topbar&#8221;][vc_column width=&#8221;1\/2&#8243;][vc_custom_heading text=&#8221;&#8221; [&hellip;]\" \/>\n<meta property=\"og:url\" content=\"https:\/\/www.topcleanair.shop\/wp\/pages\/contact-en-ligne\/\" \/>\n<meta property=\"og:site_name\" content=\"TopCleanAir\" \/>\n<meta property=\"article:modified_time\" content=\"2026-01-11T22:23:21+00:00\" \/>\n<meta name=\"twitter:card\" content=\"summary_large_image\" \/>\n<meta name=\"twitter:label1\" content=\"Dur\u00e9e de lecture estim\u00e9e\" \/>\n\t<meta name=\"twitter:data1\" content=\"2 minutes\" \/>\n<script type=\"application\/ld+json\" class=\"yoast-schema-graph\">{\"@context\":\"https:\/\/schema.org\",\"@graph\":[{\"@type\":\"WebPage\",\"@id\":\"https:\/\/www.topcleanair.shop\/wp\/pages\/contact-en-ligne\/\",\"url\":\"https:\/\/www.topcleanair.shop\/wp\/pages\/contact-en-ligne\/\",\"name\":\"Contact en ligne - TopCleanAir\",\"isPartOf\":{\"@id\":\"https:\/\/www.topcleanair.shop\/wp\/#website\"},\"datePublished\":\"2018-10-22T13:50:05+00:00\",\"dateModified\":\"2026-01-11T22:23:21+00:00\",\"breadcrumb\":{\"@id\":\"https:\/\/www.topcleanair.shop\/wp\/pages\/contact-en-ligne\/#breadcrumb\"},\"inLanguage\":\"fr-FR\",\"potentialAction\":[{\"@type\":\"ReadAction\",\"target\":[\"https:\/\/www.topcleanair.shop\/wp\/pages\/contact-en-ligne\/\"]}]},{\"@type\":\"BreadcrumbList\",\"@id\":\"https:\/\/www.topcleanair.shop\/wp\/pages\/contact-en-ligne\/#breadcrumb\",\"itemListElement\":[{\"@type\":\"ListItem\",\"position\":1,\"name\":\"Accueil\",\"item\":\"https:\/\/www.topcleanair.shop\/wp\/\"},{\"@type\":\"ListItem\",\"position\":2,\"name\":\"Pages\",\"item\":\"https:\/\/www.topcleanair.shop\/wp\/pages\/\"},{\"@type\":\"ListItem\",\"position\":3,\"name\":\"Contact en ligne\"}]},{\"@type\":\"WebSite\",\"@id\":\"https:\/\/www.topcleanair.shop\/wp\/#website\",\"url\":\"https:\/\/www.topcleanair.shop\/wp\/\",\"name\":\"TopCleanAir\",\"description\":\"Aspiration - Inspiration - Respiration\",\"potentialAction\":[{\"@type\":\"SearchAction\",\"target\":{\"@type\":\"EntryPoint\",\"urlTemplate\":\"https:\/\/www.topcleanair.shop\/wp\/?s={search_term_string}\"},\"query-input\":{\"@type\":\"PropertyValueSpecification\",\"valueRequired\":true,\"valueName\":\"search_term_string\"}}],\"inLanguage\":\"fr-FR\"}]}<\/script>\n<!-- \/ Yoast SEO plugin. -->","yoast_head_json":{"title":"Contact en ligne - TopCleanAir","robots":{"index":"index","follow":"follow","max-snippet":"max-snippet:-1","max-image-preview":"max-image-preview:large","max-video-preview":"max-video-preview:-1"},"canonical":"https:\/\/www.topcleanair.shop\/wp\/pages\/contact-en-ligne\/","og_locale":"fr_FR","og_type":"article","og_title":"Contact en ligne - TopCleanAir","og_description":"[vc_row full_width=&#8221;stretch_row&#8221; css=&#8221;.vc_custom_1765114120494{margin-bottom: 69px !important;padding-top: 169px !important;padding-bottom: 369px !important;background-image: url(https:\/\/www.topcleanair.shop\/wp\/wp-content\/uploads\/2024\/08\/5-11.png?id=7490) !important;background-position: center !important;background-repeat: no-repeat !important;background-size: cover !important;}&#8221; el_class=&#8221;under-menu-topbar&#8221;][vc_column width=&#8221;1\/2&#8243;][vc_custom_heading text=&#8221;&#8221; [&hellip;]","og_url":"https:\/\/www.topcleanair.shop\/wp\/pages\/contact-en-ligne\/","og_site_name":"TopCleanAir","article_modified_time":"2026-01-11T22:23:21+00:00","twitter_card":"summary_large_image","twitter_misc":{"Dur\u00e9e de lecture estim\u00e9e":"2 minutes"},"schema":{"@context":"https:\/\/schema.org","@graph":[{"@type":"WebPage","@id":"https:\/\/www.topcleanair.shop\/wp\/pages\/contact-en-ligne\/","url":"https:\/\/www.topcleanair.shop\/wp\/pages\/contact-en-ligne\/","name":"Contact en ligne - TopCleanAir","isPartOf":{"@id":"https:\/\/www.topcleanair.shop\/wp\/#website"},"datePublished":"2018-10-22T13:50:05+00:00","dateModified":"2026-01-11T22:23:21+00:00","breadcrumb":{"@id":"https:\/\/www.topcleanair.shop\/wp\/pages\/contact-en-ligne\/#breadcrumb"},"inLanguage":"fr-FR","potentialAction":[{"@type":"ReadAction","target":["https:\/\/www.topcleanair.shop\/wp\/pages\/contact-en-ligne\/"]}]},{"@type":"BreadcrumbList","@id":"https:\/\/www.topcleanair.shop\/wp\/pages\/contact-en-ligne\/#breadcrumb","itemListElement":[{"@type":"ListItem","position":1,"name":"Accueil","item":"https:\/\/www.topcleanair.shop\/wp\/"},{"@type":"ListItem","position":2,"name":"Pages","item":"https:\/\/www.topcleanair.shop\/wp\/pages\/"},{"@type":"ListItem","position":3,"name":"Contact en ligne"}]},{"@type":"WebSite","@id":"https:\/\/www.topcleanair.shop\/wp\/#website","url":"https:\/\/www.topcleanair.shop\/wp\/","name":"TopCleanAir","description":"Aspiration - Inspiration - Respiration","potentialAction":[{"@type":"SearchAction","target":{"@type":"EntryPoint","urlTemplate":"https:\/\/www.topcleanair.shop\/wp\/?s={search_term_string}"},"query-input":{"@type":"PropertyValueSpecification","valueRequired":true,"valueName":"search_term_string"}}],"inLanguage":"fr-FR"}]}},"jetpack_sharing_enabled":true,"_links":{"self":[{"href":"https:\/\/www.topcleanair.shop\/wp\/wp-json\/wp\/v2\/pages\/5766","targetHints":{"allow":["GET"]}}],"collection":[{"href":"https:\/\/www.topcleanair.shop\/wp\/wp-json\/wp\/v2\/pages"}],"about":[{"href":"https:\/\/www.topcleanair.shop\/wp\/wp-json\/wp\/v2\/types\/page"}],"author":[{"embeddable":true,"href":"https:\/\/www.topcleanair.shop\/wp\/wp-json\/wp\/v2\/users\/1"}],"replies":[{"embeddable":true,"href":"https:\/\/www.topcleanair.shop\/wp\/wp-json\/wp\/v2\/comments?post=5766"}],"version-history":[{"count":14,"href":"https:\/\/www.topcleanair.shop\/wp\/wp-json\/wp\/v2\/pages\/5766\/revisions"}],"predecessor-version":[{"id":16705,"href":"https:\/\/www.topcleanair.shop\/wp\/wp-json\/wp\/v2\/pages\/5766\/revisions\/16705"}],"up":[{"embeddable":true,"href":"https:\/\/www.topcleanair.shop\/wp\/wp-json\/wp\/v2\/pages\/5718"}],"wp:attachment":[{"href":"https:\/\/www.topcleanair.shop\/wp\/wp-json\/wp\/v2\/media?parent=5766"}],"curies":[{"name":"wp","href":"https:\/\/api.w.org\/{rel}","templated":true}]}}