{"id":13,"date":"2025-11-22T14:16:45","date_gmt":"2025-11-22T13:16:45","guid":{"rendered":"https:\/\/www.topcleanair.shop\/wp\/cart\/"},"modified":"2025-12-21T16:29:17","modified_gmt":"2025-12-21T15:29:17","slug":"panier","status":"publish","type":"page","link":"https:\/\/www.topcleanair.shop\/wp\/panier\/","title":{"rendered":"Panier"},"content":{"rendered":"\r\n<div data-block-name=\"woocommerce\/cart\" class=\"wp-block-woocommerce-cart alignwide is-loading\">\r\n<div data-block-name=\"woocommerce\/filled-cart-block\" class=\"wp-block-woocommerce-filled-cart-block\">\r\n<div data-block-name=\"woocommerce\/cart-items-block\" class=\"wp-block-woocommerce-cart-items-block\">\r\n<div data-block-name=\"woocommerce\/cart-line-items-block\" class=\"wp-block-woocommerce-cart-line-items-block\">\u00a0<\/div>\r\n\r\n\r\n<\/div>\r\n\r\n\r\n\r\n<div data-block-name=\"woocommerce\/cart-totals-block\" class=\"wp-block-woocommerce-cart-totals-block\">\r\n<div data-block-name=\"woocommerce\/cart-order-summary-block\" class=\"wp-block-woocommerce-cart-order-summary-block\">\r\n<div data-block-name=\"woocommerce\/cart-order-summary-heading-block\" class=\"wp-block-woocommerce-cart-order-summary-heading-block\">\u00a0<\/div>\r\n\r\n\r\n\r\n<div data-block-name=\"woocommerce\/cart-order-summary-coupon-form-block\" class=\"wp-block-woocommerce-cart-order-summary-coupon-form-block\">\u00a0<\/div>\r\n\r\n\r\n\r\n\r\n\r\n\r\n\r\n\r\n\r\n\r\n\r\n\r\n\r\n\r\n\r\n\r\n\r\n\r\n\r\n<div data-block-name=\"woocommerce\/cart-order-summary-totals-block\" class=\"wp-block-woocommerce-cart-order-summary-totals-block\">\n<div data-block-name=\"woocommerce\/cart-order-summary-subtotal-block\" class=\"wp-block-woocommerce-cart-order-summary-subtotal-block\">\u00a0<\/div>\n<div data-block-name=\"woocommerce\/cart-order-summary-discount-block\" class=\"wp-block-woocommerce-cart-order-summary-discount-block\">\u00a0<\/div>\n<div data-block-name=\"woocommerce\/cart-order-summary-fee-block\" class=\"wp-block-woocommerce-cart-order-summary-fee-block\">\u00a0<\/div>\n<div data-block-name=\"woocommerce\/cart-order-summary-shipping-block\" class=\"wp-block-woocommerce-cart-order-summary-shipping-block\">\u00a0<\/div>\n<div data-block-name=\"woocommerce\/cart-order-summary-taxes-block\" class=\"wp-block-woocommerce-cart-order-summary-taxes-block\">\u00a0<\/div><\/div>\r\n<\/div>\r\n\r\n\r\n\r\n<div data-block-name=\"woocommerce\/cart-express-payment-block\" class=\"wp-block-woocommerce-cart-express-payment-block\">\u00a0<\/div>\r\n\r\n\r\n\r\n<div data-block-name=\"woocommerce\/proceed-to-checkout-block\" class=\"wp-block-woocommerce-proceed-to-checkout-block\">\u00a0<\/div>\r\n\r\n\r\n\r\n<div data-block-name=\"woocommerce\/cart-accepted-payment-methods-block\" class=\"wp-block-woocommerce-cart-accepted-payment-methods-block\">\u00a0<\/div>\r\n<\/div>\r\n<\/div>\r\n\r\n\r\n\r\n<div data-block-name=\"woocommerce\/empty-cart-block\" class=\"wp-block-woocommerce-empty-cart-block\">\r\n<h2 class=\"wp-block-heading has-text-align-center with-empty-cart-icon wc-block-cart__empty-cart__title\">Your cart is currently empty!<\/h2>\r\n\r\n\r\n<hr class=\"wp-block-separator has-alpha-channel-opacity is-style-dots\" \/>\r\n\r\n\r\n<h2 class=\"wp-block-heading has-text-align-center\">New in store<\/h2>\r\n\r\n\r\n<div data-block-name=\"woocommerce\/product-new\" data-columns=\"4\" data-rows=\"1\" class=\"wc-block-grid wp-block-product-new wp-block-woocommerce-product-new wc-block-product-new has-4-columns\"><ul class=\"wc-block-grid__products\"><li class=\"wc-block-grid__product\">\n\t\t\t\t<a href=\"https:\/\/www.topcleanair.shop\/wp\/shop\/nettoyage-et-hygiene\/aspiration-centralisee\/materiels-dinstallation\/prises-daspiration\/boa-774\/\" class=\"wc-block-grid__product-link\">\n\t\t\t\t\t\n\t\t\t\t\t<div class=\"wc-block-grid__product-image\"><img loading=\"lazy\" decoding=\"async\" width=\"600\" height=\"600\" src=\"https:\/\/www.topcleanair.shop\/wp\/wp-content\/uploads\/BOA\/produit\/PA-HAH001-BC\/HAH-INV01-WH.jpg\" class=\"attachment-woocommerce_thumbnail size-woocommerce_thumbnail\" alt=\"Prise compl\u00e8te HAH Retraflex H3 - Blanc\" \/><\/div>\n\t\t\t\t\t<div class=\"wc-block-grid__product-title\">Prise compl\u00e8te HAH Retraflex H3 &#8211; Blanc<\/div>\n\t\t\t\t<\/a>\n\t\t\t\t<div class=\"wc-block-grid__product-price price\"><span class=\"woocommerce-Price-amount amount\"><span class=\"woocommerce-Price-currencySymbol\">&#067;&#072;&#070;<\/span>&nbsp;128.75<\/span><\/div>\n\t\t\t\t\n\t\t\t\t<div class=\"wp-block-button wc-block-grid__product-add-to-cart\"><a href=\"\/wp\/wp-json\/wp\/v2\/pages\/13?add-to-cart=10012\" aria-label=\"Ajouter au panier\u00a0: &ldquo;Prise compl\u00e8te HAH Retraflex H3 - Blanc&rdquo;\" data-quantity=\"1\" data-product_id=\"10012\" data-product_sku=\"PA-HAH001-BC\" data-price=\"128.75\" rel=\"nofollow\" class=\"wp-block-button__link  add_to_cart_button ajax_add_to_cart\">Ajouter au panier<\/a><\/div>\n\t\t\t<\/li><li class=\"wc-block-grid__product\">\n\t\t\t\t<a href=\"https:\/\/www.topcleanair.shop\/wp\/shop\/nettoyage-et-hygiene\/aspiration-centralisee\/accessoires-de-nettoyage\/sets-de-nettoyage\/boa-758\/\" class=\"wc-block-grid__product-link\">\n\t\t\t\t\t\n\t\t\t\t\t<div class=\"wc-block-grid__product-image\"><img loading=\"lazy\" decoding=\"async\" width=\"800\" height=\"800\" src=\"https:\/\/www.topcleanair.shop\/wp\/wp-content\/uploads\/BOA\/produit\/1735858767AN-DLX009-BV-800x800.jpg\" class=\"attachment-woocommerce_thumbnail size-woocommerce_thumbnail\" alt=\"Set de nettoyage Premium DeLuxe &#039;Poussi\u00e8re&#039; avec Flexible 7,6m \u00e0 poign\u00e9e ergonomique \u00e0 cran d&#039;arr\u00eat et bouton ON\/OFF + accessoires\" \/><\/div>\n\t\t\t\t\t<div class=\"wc-block-grid__product-title\">Set de nettoyage Premium DeLuxe &#8216;Poussi\u00e8re&#8217; avec Flexible 7,6m \u00e0 poign\u00e9e ergonomique \u00e0 cran d&#8217;arr\u00eat et bouton ON\/OFF + accessoires<\/div>\n\t\t\t\t<\/a>\n\t\t\t\t<div class=\"wc-block-grid__product-price price\"><span class=\"woocommerce-Price-amount amount\"><span class=\"woocommerce-Price-currencySymbol\">&#067;&#072;&#070;<\/span>&nbsp;357.50<\/span><\/div>\n\t\t\t\t\n\t\t\t\t<div class=\"wp-block-button wc-block-grid__product-add-to-cart\"><a href=\"\/wp\/wp-json\/wp\/v2\/pages\/13?add-to-cart=10003\" aria-label=\"Ajouter au panier\u00a0: &ldquo;Set de nettoyage Premium DeLuxe &#039;Poussi\u00e8re&#039; avec Flexible 7,6m \u00e0 poign\u00e9e ergonomique \u00e0 cran d&#039;arr\u00eat et bouton ON\/OFF + accessoires&rdquo;\" data-quantity=\"1\" data-product_id=\"10003\" data-product_sku=\"AN-DLX007-BV\" data-price=\"357.5\" rel=\"nofollow\" class=\"wp-block-button__link  add_to_cart_button ajax_add_to_cart\">Ajouter au panier<\/a><\/div>\n\t\t\t<\/li><li class=\"wc-block-grid__product\">\n\t\t\t\t<a href=\"https:\/\/www.topcleanair.shop\/wp\/shop\/nettoyage-et-hygiene\/aspiration-centralisee\/accessoires-de-nettoyage\/flexibles-daspiration\/boa-1229\/\" class=\"wc-block-grid__product-link\">\n\t\t\t\t\t\n\t\t\t\t\t<div class=\"wc-block-grid__product-image\"><img loading=\"lazy\" decoding=\"async\" width=\"800\" height=\"800\" src=\"https:\/\/www.topcleanair.shop\/wp\/wp-content\/uploads\/BOA\/produit\/1738273247FA-CBV007-LK-800x800.jpg\" class=\"attachment-woocommerce_thumbnail size-woocommerce_thumbnail\" alt=\"Flexible bas voltage 15,2 m \u00e0 poign\u00e9e ergonomique avec bouton lock et commande ON\/OFF\" \/><\/div>\n\t\t\t\t\t<div class=\"wc-block-grid__product-title\">Flexible bas voltage 15,2 m \u00e0 poign\u00e9e ergonomique avec bouton lock et commande ON\/OFF<\/div>\n\t\t\t\t<\/a>\n\t\t\t\t<div class=\"wc-block-grid__product-price price\"><span class=\"woocommerce-Price-amount amount\"><span class=\"woocommerce-Price-currencySymbol\">&#067;&#072;&#070;<\/span>&nbsp;450.65<\/span><\/div>\n\t\t\t\t\n\t\t\t\t<div class=\"wp-block-button wc-block-grid__product-add-to-cart\"><a href=\"\/wp\/wp-json\/wp\/v2\/pages\/13?add-to-cart=11021\" aria-label=\"Ajouter au panier\u00a0: &ldquo;Flexible bas voltage 15,2 m \u00e0 poign\u00e9e ergonomique avec bouton lock et commande ON\/OFF&rdquo;\" data-quantity=\"1\" data-product_id=\"11021\" data-product_sku=\"FA-CBV015-LK\" data-price=\"450.65\" rel=\"nofollow\" class=\"wp-block-button__link  add_to_cart_button ajax_add_to_cart\">Ajouter au panier<\/a><\/div>\n\t\t\t<\/li><li class=\"wc-block-grid__product\">\n\t\t\t\t<a href=\"https:\/\/www.topcleanair.shop\/wp\/shop\/nettoyage-et-hygiene\/aspiration-centralisee\/materiels-dinstallation\/ramasse-miettes\/boa-993\/\" class=\"wc-block-grid__product-link\">\n\t\t\t\t\t<div class=\"wc-block-grid__product-onsale\">\n\t\t\t<span aria-hidden=\"true\">Promo<\/span>\n\t\t\t<span class=\"screen-reader-text\">Produit en promotion<\/span>\n\t\t<\/div>\n\t\t\t\t\t<div class=\"wc-block-grid__product-image\"><img loading=\"lazy\" decoding=\"async\" width=\"236\" height=\"236\" src=\"https:\/\/www.topcleanair.shop\/wp\/wp-content\/uploads\/BOA\/produit\/1746513290ACC-19-3-ACC-19-AM.jpg\" class=\"attachment-woocommerce_thumbnail size-woocommerce_thumbnail\" alt=\"Prise VacuSweep Ramasse-miettes - ivoire\" \/><\/div>\n\t\t\t\t\t<div class=\"wc-block-grid__product-title\">Prise VacuSweep Ramasse-miettes &#8211; ivoire<\/div>\n\t\t\t\t<\/a>\n\t\t\t\t<div class=\"wc-block-grid__product-price price\"><del aria-hidden=\"true\"><span class=\"woocommerce-Price-amount amount\"><span class=\"woocommerce-Price-currencySymbol\">&#067;&#072;&#070;<\/span>&nbsp;114.10<\/span><\/del> <span class=\"screen-reader-text\">Le prix initial \u00e9tait\u00a0: &#067;&#072;&#070;&nbsp;114.10.<\/span><ins aria-hidden=\"true\"><span class=\"woocommerce-Price-amount amount\"><span class=\"woocommerce-Price-currencySymbol\">&#067;&#072;&#070;<\/span>&nbsp;84.45<\/span><\/ins><span class=\"screen-reader-text\">Le prix actuel est\u00a0: &#067;&#072;&#070;&nbsp;84.45.<\/span><\/div>\n\t\t\t\t\n\t\t\t\t<div class=\"wp-block-button wc-block-grid__product-add-to-cart\"><a href=\"\/wp\/wp-json\/wp\/v2\/pages\/13?add-to-cart=11026\" aria-label=\"Ajouter au panier\u00a0: &ldquo;Prise VacuSweep Ramasse-miettes - ivoire&rdquo;\" data-quantity=\"1\" data-product_id=\"11026\" data-product_sku=\"RM-PVC019-IV\" data-price=\"84.45\" rel=\"nofollow\" class=\"wp-block-button__link  add_to_cart_button ajax_add_to_cart\">Ajouter au panier<\/a><\/div>\n\t\t\t<\/li><\/ul><\/div><\/div>\r\n<\/div>\r\n","protected":false},"excerpt":{"rendered":"\u00a0 You may be interested in\u2026 \u00a0 \u00a0 \u00a0 \u00a0 \u00a0 \u00a0 \u00a0 \u00a0 \u00a0 \u00a0 Your cart is currently [...]","protected":false},"author":1,"featured_media":0,"parent":0,"menu_order":0,"comment_status":"closed","ping_status":"closed","template":"","meta":{"footnotes":""},"class_list":["post-13","page","type-page","status-publish","hentry"],"yoast_head":"<!-- This site is optimized with the Yoast SEO plugin v26.9 - https:\/\/yoast.com\/product\/yoast-seo-wordpress\/ -->\n<title>Panier - TopCleanAir<\/title>\n<meta name=\"robots\" content=\"index, follow, max-snippet:-1, max-image-preview:large, max-video-preview:-1\" \/>\n<link rel=\"canonical\" href=\"https:\/\/www.topcleanair.shop\/wp\/panier\/\" \/>\n<meta property=\"og:locale\" content=\"fr_FR\" \/>\n<meta property=\"og:type\" content=\"article\" \/>\n<meta property=\"og:title\" content=\"Panier - TopCleanAir\" \/>\n<meta property=\"og:url\" content=\"https:\/\/www.topcleanair.shop\/wp\/panier\/\" \/>\n<meta property=\"og:site_name\" content=\"TopCleanAir\" \/>\n<meta property=\"article:modified_time\" content=\"2025-12-21T15:29:17+00:00\" \/>\n<meta name=\"twitter:card\" content=\"summary_large_image\" \/>\n<meta name=\"twitter:label1\" content=\"Dur\u00e9e de lecture estim\u00e9e\" \/>\n\t<meta name=\"twitter:data1\" content=\"1 minute\" \/>\n<script type=\"application\/ld+json\" class=\"yoast-schema-graph\">{\"@context\":\"https:\/\/schema.org\",\"@graph\":[{\"@type\":\"WebPage\",\"@id\":\"https:\/\/www.topcleanair.shop\/wp\/panier\/\",\"url\":\"https:\/\/www.topcleanair.shop\/wp\/panier\/\",\"name\":\"Panier - TopCleanAir\",\"isPartOf\":{\"@id\":\"https:\/\/www.topcleanair.shop\/wp\/#website\"},\"datePublished\":\"2025-11-22T13:16:45+00:00\",\"dateModified\":\"2025-12-21T15:29:17+00:00\",\"breadcrumb\":{\"@id\":\"https:\/\/www.topcleanair.shop\/wp\/panier\/#breadcrumb\"},\"inLanguage\":\"fr-FR\",\"potentialAction\":[{\"@type\":\"ReadAction\",\"target\":[\"https:\/\/www.topcleanair.shop\/wp\/panier\/\"]}]},{\"@type\":\"BreadcrumbList\",\"@id\":\"https:\/\/www.topcleanair.shop\/wp\/panier\/#breadcrumb\",\"itemListElement\":[{\"@type\":\"ListItem\",\"position\":1,\"name\":\"Accueil\",\"item\":\"https:\/\/www.topcleanair.shop\/wp\/\"},{\"@type\":\"ListItem\",\"position\":2,\"name\":\"Panier\"}]},{\"@type\":\"WebSite\",\"@id\":\"https:\/\/www.topcleanair.shop\/wp\/#website\",\"url\":\"https:\/\/www.topcleanair.shop\/wp\/\",\"name\":\"TopCleanAir\",\"description\":\"Aspiration - Inspiration - Respiration\",\"potentialAction\":[{\"@type\":\"SearchAction\",\"target\":{\"@type\":\"EntryPoint\",\"urlTemplate\":\"https:\/\/www.topcleanair.shop\/wp\/?s={search_term_string}\"},\"query-input\":{\"@type\":\"PropertyValueSpecification\",\"valueRequired\":true,\"valueName\":\"search_term_string\"}}],\"inLanguage\":\"fr-FR\"}]}<\/script>\n<!-- \/ Yoast SEO plugin. -->","yoast_head_json":{"title":"Panier - TopCleanAir","robots":{"index":"index","follow":"follow","max-snippet":"max-snippet:-1","max-image-preview":"max-image-preview:large","max-video-preview":"max-video-preview:-1"},"canonical":"https:\/\/www.topcleanair.shop\/wp\/panier\/","og_locale":"fr_FR","og_type":"article","og_title":"Panier - TopCleanAir","og_url":"https:\/\/www.topcleanair.shop\/wp\/panier\/","og_site_name":"TopCleanAir","article_modified_time":"2025-12-21T15:29:17+00:00","twitter_card":"summary_large_image","twitter_misc":{"Dur\u00e9e de lecture estim\u00e9e":"1 minute"},"schema":{"@context":"https:\/\/schema.org","@graph":[{"@type":"WebPage","@id":"https:\/\/www.topcleanair.shop\/wp\/panier\/","url":"https:\/\/www.topcleanair.shop\/wp\/panier\/","name":"Panier - TopCleanAir","isPartOf":{"@id":"https:\/\/www.topcleanair.shop\/wp\/#website"},"datePublished":"2025-11-22T13:16:45+00:00","dateModified":"2025-12-21T15:29:17+00:00","breadcrumb":{"@id":"https:\/\/www.topcleanair.shop\/wp\/panier\/#breadcrumb"},"inLanguage":"fr-FR","potentialAction":[{"@type":"ReadAction","target":["https:\/\/www.topcleanair.shop\/wp\/panier\/"]}]},{"@type":"BreadcrumbList","@id":"https:\/\/www.topcleanair.shop\/wp\/panier\/#breadcrumb","itemListElement":[{"@type":"ListItem","position":1,"name":"Accueil","item":"https:\/\/www.topcleanair.shop\/wp\/"},{"@type":"ListItem","position":2,"name":"Panier"}]},{"@type":"WebSite","@id":"https:\/\/www.topcleanair.shop\/wp\/#website","url":"https:\/\/www.topcleanair.shop\/wp\/","name":"TopCleanAir","description":"Aspiration - Inspiration - Respiration","potentialAction":[{"@type":"SearchAction","target":{"@type":"EntryPoint","urlTemplate":"https:\/\/www.topcleanair.shop\/wp\/?s={search_term_string}"},"query-input":{"@type":"PropertyValueSpecification","valueRequired":true,"valueName":"search_term_string"}}],"inLanguage":"fr-FR"}]}},"jetpack_sharing_enabled":true,"_links":{"self":[{"href":"https:\/\/www.topcleanair.shop\/wp\/wp-json\/wp\/v2\/pages\/13","targetHints":{"allow":["GET"]}}],"collection":[{"href":"https:\/\/www.topcleanair.shop\/wp\/wp-json\/wp\/v2\/pages"}],"about":[{"href":"https:\/\/www.topcleanair.shop\/wp\/wp-json\/wp\/v2\/types\/page"}],"author":[{"embeddable":true,"href":"https:\/\/www.topcleanair.shop\/wp\/wp-json\/wp\/v2\/users\/1"}],"replies":[{"embeddable":true,"href":"https:\/\/www.topcleanair.shop\/wp\/wp-json\/wp\/v2\/comments?post=13"}],"version-history":[{"count":3,"href":"https:\/\/www.topcleanair.shop\/wp\/wp-json\/wp\/v2\/pages\/13\/revisions"}],"predecessor-version":[{"id":7907,"href":"https:\/\/www.topcleanair.shop\/wp\/wp-json\/wp\/v2\/pages\/13\/revisions\/7907"}],"wp:attachment":[{"href":"https:\/\/www.topcleanair.shop\/wp\/wp-json\/wp\/v2\/media?parent=13"}],"curies":[{"name":"wp","href":"https:\/\/api.w.org\/{rel}","templated":true}]}}